{"id":128,"date":"2020-02-09T12:09:18","date_gmt":"2020-02-09T11:09:18","guid":{"rendered":"https:\/\/www.velo-electrique-attitude.com\/guide\/?page_id=128"},"modified":"2020-02-15T16:23:42","modified_gmt":"2020-02-15T15:23:42","slug":"elements-dun-velo-electrique","status":"publish","type":"page","link":"https:\/\/www.velo-electrique-attitude.com\/guide\/elements-dun-velo-electrique\/","title":{"rendered":"Elements d&rsquo;un v\u00e9lo \u00e9lectrique"},"content":{"rendered":"\n<p>Les <a href=\"https:\/\/www.velo-electrique-attitude.com\/guide\/tout-savoir-sur-les-velos-electriques\/\">v\u00e9los \u00e9lectriques<\/a> ou VAE (v\u00e9los \u00e0 assistance \u00e9lectrique) sont tout d\u2019abord des v\u00e9los classiques, avec des composants \u00e9lectriques qui leurs permettent d\u2019assister le cycliste.<\/p>\n\n\n\n<p>Dans cet article, on va essayer de d\u00e9tailler son anatomie.<\/p>\n\n\n\n<h2>Composants \u00e9lectriques d\u2019un VAE<\/h2>\n\n\n\n<p>Le v\u00e9lo \u00e0 assistance \u00e9lectrique est compos\u00e9&nbsp;:<\/p>\n\n\n\n<ul><li>D\u2019un moteur <\/li><li>Une batterie<\/li><li>Un display (\u00e9cran)<\/li><\/ul>\n\n\n\n<p>Le moteur est plac\u00e9 \u00e0 l\u2019arri\u00e8re, devant ou sur le p\u00e9dalier.<\/p>\n\n\n\n<p>La batterie permet d\u2019alimenter le moteur pour faire avancer le v\u00e9lo. Diff\u00e9rentes capacit\u00e9s existent sur le march\u00e9 pour \u00e9tendre l\u2019autonomie et permettre d\u2019\u00eatre assist\u00e9 sur plus de distance.<\/p>\n\n\n\n<p>Le display permet au cycliste d\u2019avoir des informations sur la vitesse ou changer le mode d\u2019assistance.<\/p>\n\n\n\n<h2>M\u00e9canique d\u2019un v\u00e9lo<\/h2>\n\n\n\n<p>L\u2019\u00e9quipement m\u00e9canique diff\u00e8re de chaque type de v\u00e9lo, qu\u2019il soit&nbsp;:<\/p>\n\n\n\n<ul><li>V\u00e9lo utilitaire (de ville)<\/li><li>VTT (v\u00e9lo tout terrain)<\/li><li>VTC (v\u00e9lo tout chemin)<\/li><li>V\u00e9lo de route <\/li><li>V\u00e9lo pliant<\/li><li>V\u00e9lo cargo ou triporteur<\/li><\/ul>\n\n\n\n<p>Tout v\u00e9lo est compos\u00e9 d\u2019un cadre, un guidon, une selle, un p\u00e9dalier, des freins (arri\u00e8res et avants).<\/p>\n\n\n\n<h4>Articles qui peuvent vous interesser<\/h4>\n\n\n\n<ul class=\"links\"><li id=\"eae69941-b98b-4ca2-b9b3-4074fd191aac-104\"><a href=\"https:\/\/www.velo-electrique-attitude.com\/guide\/guide-du-velo-electrique\/\">Guide du v\u00e9lo \u00e9lectrique<\/a><\/li><li id=\"b1719398-32d0-484c-b390-8718a0dda579-174\"><a href=\"https:\/\/www.velo-electrique-attitude.com\/guide\/subvention-velo-electrique\/\">Subventions<\/a><\/li><\/ul>\n","protected":false},"excerpt":{"rendered":"<p>Les ou VAE (v\u00e9los \u00e0 assistance \u00e9lectrique) sont tout d\u2019abord des v\u00e9los classiques, avec des composants \u00e9lectriques qui leurs permettent d\u2019assister le cycliste. Dans cet article, on va essayer de d\u00e9tailler son anatomie. Composants \u00e9lectriques d\u2019un VAE Le v\u00e9lo \u00e0 assistance \u00e9lectrique est compos\u00e9&nbsp;: D\u2019un moteur Une batterie Un display (\u00e9cran) Le moteur est plac\u00e9 [&hellip;]<\/p>\n","protected":false},"author":1,"featured_media":0,"parent":0,"menu_order":0,"comment_status":"closed","ping_status":"closed","template":"","meta":[],"yoast_head":"<!-- This site is optimized with the Yoast SEO plugin v19.9 - https:\/\/yoast.com\/wordpress\/plugins\/seo\/ -->\n<title>Elements d&#039;un v\u00e9lo \u00e9lectrique -<\/title>\n<meta name=\"robots\" content=\"index, follow, max-snippet:-1, max-image-preview:large, max-video-preview:-1\" \/>\n<link rel=\"canonical\" href=\"https:\/\/www.velo-electrique-attitude.com\/guide\/elements-dun-velo-electrique\/\" \/>\n<meta property=\"og:locale\" content=\"fr_FR\" \/>\n<meta property=\"og:type\" content=\"article\" \/>\n<meta property=\"og:title\" content=\"Elements d&#039;un v\u00e9lo \u00e9lectrique -\" \/>\n<meta property=\"og:description\" content=\"Les ou VAE (v\u00e9los \u00e0 assistance \u00e9lectrique) sont tout d\u2019abord des v\u00e9los classiques, avec des composants \u00e9lectriques qui leurs permettent d\u2019assister le cycliste. Dans cet article, on va essayer de d\u00e9tailler son anatomie. Composants \u00e9lectriques d\u2019un VAE Le v\u00e9lo \u00e0 assistance \u00e9lectrique est compos\u00e9&nbsp;: D\u2019un moteur Une batterie Un display (\u00e9cran) Le moteur est plac\u00e9 [&hellip;]\" \/>\n<meta property=\"og:url\" content=\"https:\/\/www.velo-electrique-attitude.com\/guide\/elements-dun-velo-electrique\/\" \/>\n<meta property=\"article:modified_time\" content=\"2020-02-15T15:23:42+00:00\" \/>\n<meta name=\"twitter:card\" content=\"summary_large_image\" \/>\n<meta name=\"twitter:label1\" content=\"Dur\u00e9e de lecture estim\u00e9e\" \/>\n\t<meta name=\"twitter:data1\" content=\"1 minute\" \/>\n<script type=\"application\/ld+json\" class=\"yoast-schema-graph\">{\"@context\":\"https:\/\/schema.org\",\"@graph\":[{\"@type\":\"WebPage\",\"@id\":\"https:\/\/www.velo-electrique-attitude.com\/guide\/elements-dun-velo-electrique\/\",\"url\":\"https:\/\/www.velo-electrique-attitude.com\/guide\/elements-dun-velo-electrique\/\",\"name\":\"Elements d'un v\u00e9lo \u00e9lectrique -\",\"isPartOf\":{\"@id\":\"https:\/\/www.velo-electrique-attitude.com\/guide\/#website\"},\"datePublished\":\"2020-02-09T11:09:18+00:00\",\"dateModified\":\"2020-02-15T15:23:42+00:00\",\"breadcrumb\":{\"@id\":\"https:\/\/www.velo-electrique-attitude.com\/guide\/elements-dun-velo-electrique\/#breadcrumb\"},\"inLanguage\":\"fr-FR\",\"potentialAction\":[{\"@type\":\"ReadAction\",\"target\":[\"https:\/\/www.velo-electrique-attitude.com\/guide\/elements-dun-velo-electrique\/\"]}]},{\"@type\":\"BreadcrumbList\",\"@id\":\"https:\/\/www.velo-electrique-attitude.com\/guide\/elements-dun-velo-electrique\/#breadcrumb\",\"itemListElement\":[{\"@type\":\"ListItem\",\"position\":1,\"name\":\"Accueil\",\"item\":\"https:\/\/www.velo-electrique-attitude.com\/guide\/\"},{\"@type\":\"ListItem\",\"position\":2,\"name\":\"Elements d&rsquo;un v\u00e9lo \u00e9lectrique\"}]},{\"@type\":\"WebSite\",\"@id\":\"https:\/\/www.velo-electrique-attitude.com\/guide\/#website\",\"url\":\"https:\/\/www.velo-electrique-attitude.com\/guide\/\",\"name\":\"\",\"description\":\"\",\"potentialAction\":[{\"@type\":\"SearchAction\",\"target\":{\"@type\":\"EntryPoint\",\"urlTemplate\":\"https:\/\/www.velo-electrique-attitude.com\/guide\/?s={search_term_string}\"},\"query-input\":\"required name=search_term_string\"}],\"inLanguage\":\"fr-FR\"}]}<\/script>\n<!-- \/ Yoast SEO plugin. -->","yoast_head_json":{"title":"Elements d'un v\u00e9lo \u00e9lectrique -","robots":{"index":"index","follow":"follow","max-snippet":"max-snippet:-1","max-image-preview":"max-image-preview:large","max-video-preview":"max-video-preview:-1"},"canonical":"https:\/\/www.velo-electrique-attitude.com\/guide\/elements-dun-velo-electrique\/","og_locale":"fr_FR","og_type":"article","og_title":"Elements d'un v\u00e9lo \u00e9lectrique -","og_description":"Les ou VAE (v\u00e9los \u00e0 assistance \u00e9lectrique) sont tout d\u2019abord des v\u00e9los classiques, avec des composants \u00e9lectriques qui leurs permettent d\u2019assister le cycliste. Dans cet article, on va essayer de d\u00e9tailler son anatomie. Composants \u00e9lectriques d\u2019un VAE Le v\u00e9lo \u00e0 assistance \u00e9lectrique est compos\u00e9&nbsp;: D\u2019un moteur Une batterie Un display (\u00e9cran) Le moteur est plac\u00e9 [&hellip;]","og_url":"https:\/\/www.velo-electrique-attitude.com\/guide\/elements-dun-velo-electrique\/","article_modified_time":"2020-02-15T15:23:42+00:00","twitter_card":"summary_large_image","twitter_misc":{"Dur\u00e9e de lecture estim\u00e9e":"1 minute"},"schema":{"@context":"https:\/\/schema.org","@graph":[{"@type":"WebPage","@id":"https:\/\/www.velo-electrique-attitude.com\/guide\/elements-dun-velo-electrique\/","url":"https:\/\/www.velo-electrique-attitude.com\/guide\/elements-dun-velo-electrique\/","name":"Elements d'un v\u00e9lo \u00e9lectrique -","isPartOf":{"@id":"https:\/\/www.velo-electrique-attitude.com\/guide\/#website"},"datePublished":"2020-02-09T11:09:18+00:00","dateModified":"2020-02-15T15:23:42+00:00","breadcrumb":{"@id":"https:\/\/www.velo-electrique-attitude.com\/guide\/elements-dun-velo-electrique\/#breadcrumb"},"inLanguage":"fr-FR","potentialAction":[{"@type":"ReadAction","target":["https:\/\/www.velo-electrique-attitude.com\/guide\/elements-dun-velo-electrique\/"]}]},{"@type":"BreadcrumbList","@id":"https:\/\/www.velo-electrique-attitude.com\/guide\/elements-dun-velo-electrique\/#breadcrumb","itemListElement":[{"@type":"ListItem","position":1,"name":"Accueil","item":"https:\/\/www.velo-electrique-attitude.com\/guide\/"},{"@type":"ListItem","position":2,"name":"Elements d&rsquo;un v\u00e9lo \u00e9lectrique"}]},{"@type":"WebSite","@id":"https:\/\/www.velo-electrique-attitude.com\/guide\/#website","url":"https:\/\/www.velo-electrique-attitude.com\/guide\/","name":"","description":"","potentialAction":[{"@type":"SearchAction","target":{"@type":"EntryPoint","urlTemplate":"https:\/\/www.velo-electrique-attitude.com\/guide\/?s={search_term_string}"},"query-input":"required name=search_term_string"}],"inLanguage":"fr-FR"}]}},"_links":{"self":[{"href":"https:\/\/www.velo-electrique-attitude.com\/guide\/wp-json\/wp\/v2\/pages\/128"}],"collection":[{"href":"https:\/\/www.velo-electrique-attitude.com\/guide\/wp-json\/wp\/v2\/pages"}],"about":[{"href":"https:\/\/www.velo-electrique-attitude.com\/guide\/wp-json\/wp\/v2\/types\/page"}],"author":[{"embeddable":true,"href":"https:\/\/www.velo-electrique-attitude.com\/guide\/wp-json\/wp\/v2\/users\/1"}],"replies":[{"embeddable":true,"href":"https:\/\/www.velo-electrique-attitude.com\/guide\/wp-json\/wp\/v2\/comments?post=128"}],"version-history":[{"count":11,"href":"https:\/\/www.velo-electrique-attitude.com\/guide\/wp-json\/wp\/v2\/pages\/128\/revisions"}],"predecessor-version":[{"id":409,"href":"https:\/\/www.velo-electrique-attitude.com\/guide\/wp-json\/wp\/v2\/pages\/128\/revisions\/409"}],"wp:attachment":[{"href":"https:\/\/www.velo-electrique-attitude.com\/guide\/wp-json\/wp\/v2\/media?parent=128"}],"curies":[{"name":"wp","href":"https:\/\/api.w.org\/{rel}","templated":true}]}}