{"id":174,"date":"2020-02-11T10:12:24","date_gmt":"2020-02-11T09:12:24","guid":{"rendered":"http:\/\/www.velo-electrique-attitude.com\/guide\/?page_id=174"},"modified":"2020-02-13T21:58:34","modified_gmt":"2020-02-13T20:58:34","slug":"subvention-velo-electrique","status":"publish","type":"page","link":"https:\/\/www.velo-electrique-attitude.com\/guide\/subvention-velo-electrique\/","title":{"rendered":"Subvention v\u00e9lo \u00e9lectrique"},"content":{"rendered":"\n<p>Beaucoup de subventions int\u00e9ressantes existent pour aider les cyclistes \u00e0 acqu\u00e9rir un <a href=\"https:\/\/www.velo-electrique-attitude.com\/guide\/tout-savoir-sur-les-velos-electriques\/\">v\u00e9lo \u00e0 assistance \u00e9lectrique<\/a>.<\/p>\n\n\n\n<p>Il existe n\u00e9anmoins des aides diff\u00e9rentes selon la commune, la r\u00e9gion ou l&rsquo;\u00e9tat avec des \u00e0 chaque fois des conditions diff\u00e9rentes.<\/p>\n\n\n\n<p> Nous allons essayer de simplifier et d&rsquo;y voir un peu plus clair avec les diff\u00e9rents dispositifs.<\/p>\n\n\n\n<p>Les subventions v\u00e9los \u00e9lectriques sont accord\u00e9es par la commune. Il est donc important de se renseigner en 1er aupr\u00e8s de votre mairie.  Il vous conseillerons pour mieux vous y retrouver avec les conditions et les aides compl\u00e9mentaires.<\/p>\n\n\n\n<p>L&rsquo;aide de l&rsquo;\u00e9tat est plus restreinte notamment avec une condition de ressources, elle vient en compl\u00e9ment et plafonn\u00e9e \u00e0 200\u20ac ou 20% du montant d&rsquo;achat.<\/p>\n\n\n\n<p>La r\u00e9gion \u00eele de France qui propose depuis le 1er D\u00e9cembre 2019 un dispositif tr\u00e8s important avec une aide \u00e0 l&rsquo;achat de 500\u20ac.<\/p>\n\n\n\n<p>Enfin, il est int\u00e9ressant de se renseigner aupr\u00e8s de son travail pour savoir si votre employer a la possibilit\u00e9 de vous aider \u00e0 financer votre d\u00e9placement \u00e0 v\u00e9lo (si vous l&rsquo;utilisez pour aller au travail)<\/p>\n\n\n\n<p>Il est important de noter que toutes ces aides accord\u00e9es ne concernent que les v\u00e9los \u00e9lectriques ayant obtenu un certificat de conformit\u00e9.<\/p>\n\n\n\n<p>Tous les v\u00e9los que nous vendons sont \u00e9ligibles aux diff\u00e9rentes subventions.<\/p>\n\n\n\n<h2>1- Aide de l&rsquo;Etat<\/h2>\n\n\n\n<p>\u00c0&nbsp;partir du 1er f\u00e9vrier 2018, les r\u00e8gles ont chang\u00e9!&nbsp;&nbsp;<a rel=\"noreferrer noopener\" href=\"https:\/\/www.legifrance.gouv.fr\/eli\/decret\/2017\/12\/29\/TRER1733433D\/jo\/texte\" target=\"_blank\">Un d\u00e9cret<\/a>&nbsp;paru au Journal officiel le 31 d\u00e9cembre 2017 modifie les conditions d&rsquo;attribution :&nbsp;<\/p>\n\n\n\n<ul><li> L&rsquo;aide de l&rsquo;\u00c9tat&nbsp;est dor\u00e9navant&nbsp; r\u00e9serv\u00e9e aux seules personnes physiques non redevables de l&rsquo;imp\u00f4t sur le revenu sur l&rsquo;ann\u00e9e ant\u00e9rieure<\/li><li> Il faudra \u00e9galement&nbsp;r\u00e9sider dans une collectivit\u00e9 ayant instaur\u00e9 une aide similaire.<\/li><li>Le v\u00e9lo \u00e9lectrique doit avoir un certificat de conformit\u00e9<\/li><\/ul>\n\n\n\n<p>Les conditions sont donc restreintes, il faudra dans tous les cas passer par l&rsquo;aide de la commune.<\/p>\n\n\n\n<h2>2- Subvention accord\u00e9e par certaines communes<\/h2>\n\n\n\n<p>L&rsquo;\u00e9co-responsable et le d\u00e9veloppement durable sont des mesures privil\u00e9gi\u00e9es par de nombreuses institutions et mairies en France. <\/p>\n\n\n\n<p>Depuis de nombreuses ann\u00e9es, les am\u00e9nagements pour les cyclistes (dont les pistes cyclables) ne cessent de sortir de terre. Pour les usagers cela offre un mode de transport alternatif, \u00e9cologique et de bien \u00eatre face aux moyens classiques de locomotion. <\/p>\n\n\n\n<p>De plus en plus d&rsquo;initiatives sont prises par les autorit\u00e9s publiques afin de promouvoir la pratique du&nbsp;<a rel=\"noreferrer noopener\" href=\"http:\/\/www.velo-electrique-attitude.com\/guide-achat-velo-electrique-comparatif\" target=\"_blank\">VAE : V\u00e9lo \u00e0 Assistance Electrique<\/a>&nbsp;et un grand nombre de villes et agglom\u00e9rations accordent des \u00ab\u00a0\u00e9co-subventions\u00a0\u00bb compatibles avec l&rsquo;achat d&rsquo;un&nbsp;<strong>v\u00e9lo \u00e0 assistance \u00e9lectrique<\/strong>&nbsp;et notamment sur V\u00e9lo-\u00e9lectrique-attitude.com.<\/p>\n\n\n\n<p>Certaines communes accordent des subventions allant de 150 \u00e0 500 euros !<\/p>\n\n\n\n<p>Nous vous invitons donc \u00e0&nbsp; vous renseigner directement aupr\u00e8s de votre mairie.<\/p>\n\n\n\n<p>Les deux aides (celle de la commune+celle de l&rsquo;Etat) sont cumulables mais le total ne pourra pas d\u00e9passer 200\u20ac ou 20% du prix d&rsquo;acquisition TTC du v\u00e9lo \u00e9lectrique.<\/p>\n\n\n\n<h2>3- Subvention par r\u00e9gion<\/h2>\n\n\n\n<p>Vous l&rsquo;aurez compris, la subvention la plus importante est celle de la commune.<\/p>\n\n\n\n<p>Selon le montant accord\u00e9 par cette derni\u00e8re, vous pourrez profiter d&rsquo;une aide de l&rsquo;\u00e9tat pour un cumul qui ne d\u00e9passe pas 200\u20ac ou 20% du prix d&rsquo;acquisition en TTC.<\/p>\n\n\n\n<p>Sachez qu&rsquo;il y&rsquo;a bien plus int\u00e9ressant si vous habitez l&rsquo;DF. En effet, le dispositif qui devait commencer le 20 f\u00e9vrier 2020 inclut maintenant les v\u00e9los achet\u00e9s apr\u00e8s le 1er D\u00e9cembre 2019.<\/p>\n\n\n\n<p>Cette <a href=\"https:\/\/www.velo-electrique-attitude.com\/guide\/subvention-velo-electrique-ile-de-france\/\">subvention v\u00e9lo \u00e9lectrique de l&rsquo;Ile de France<\/a> vient en compl\u00e9ment de l&rsquo;aide de la mairie pour un cumul jusqu&rsquo;\u00e0 500\u20ac pour les VAE et 600\u20ac pour les v\u00e9los cargo.<\/p>\n\n\n\n<h4>A lire<\/h4>\n\n\n\n<ul class=\"links\"><li id=\"eae69941-b98b-4ca2-b9b3-4074fd191aac-104\"><a href=\"https:\/\/www.velo-electrique-attitude.com\/guide\/guide-du-velo-electrique\/\">Guide du v\u00e9lo \u00e9lectrique<\/a><\/li><li id=\"de861933-11dd-476e-9cfa-30b8d9aef622-128\"><a href=\"https:\/\/www.velo-electrique-attitude.com\/guide\/elements-dun-velo-electrique\/\">Elements d&rsquo;un v\u00e9lo \u00e9lectrique<\/a><\/li><\/ul>\n","protected":false},"excerpt":{"rendered":"<p>Beaucoup de subventions int\u00e9ressantes existent pour aider les cyclistes \u00e0 acqu\u00e9rir un v\u00e9lo \u00e0 assistance \u00e9lectrique. Il existe n\u00e9anmoins des aides diff\u00e9rentes selon la commune, la r\u00e9gion ou l&rsquo;\u00e9tat avec des \u00e0 chaque fois des conditions diff\u00e9rentes. Nous allons essayer de simplifier et d&rsquo;y voir un peu plus clair avec les diff\u00e9rents dispositifs. Les subventions [&hellip;]<\/p>\n","protected":false},"author":1,"featured_media":0,"parent":0,"menu_order":0,"comment_status":"closed","ping_status":"closed","template":"","meta":[],"yoast_head":"<!-- This site is optimized with the Yoast SEO plugin v19.9 - https:\/\/yoast.com\/wordpress\/plugins\/seo\/ -->\n<title>Subvention v\u00e9lo \u00e9lectrique -<\/title>\n<meta name=\"robots\" content=\"index, follow, max-snippet:-1, max-image-preview:large, max-video-preview:-1\" \/>\n<link rel=\"canonical\" href=\"https:\/\/www.velo-electrique-attitude.com\/guide\/subvention-velo-electrique\/\" \/>\n<meta property=\"og:locale\" content=\"fr_FR\" \/>\n<meta property=\"og:type\" content=\"article\" \/>\n<meta property=\"og:title\" content=\"Subvention v\u00e9lo \u00e9lectrique -\" \/>\n<meta property=\"og:description\" content=\"Beaucoup de subventions int\u00e9ressantes existent pour aider les cyclistes \u00e0 acqu\u00e9rir un v\u00e9lo \u00e0 assistance \u00e9lectrique. Il existe n\u00e9anmoins des aides diff\u00e9rentes selon la commune, la r\u00e9gion ou l&rsquo;\u00e9tat avec des \u00e0 chaque fois des conditions diff\u00e9rentes. Nous allons essayer de simplifier et d&rsquo;y voir un peu plus clair avec les diff\u00e9rents dispositifs. Les subventions [&hellip;]\" \/>\n<meta property=\"og:url\" content=\"https:\/\/www.velo-electrique-attitude.com\/guide\/subvention-velo-electrique\/\" \/>\n<meta property=\"article:modified_time\" content=\"2020-02-13T20:58:34+00:00\" \/>\n<meta name=\"twitter:card\" content=\"summary_large_image\" \/>\n<meta name=\"twitter:label1\" content=\"Dur\u00e9e de lecture estim\u00e9e\" \/>\n\t<meta name=\"twitter:data1\" content=\"3 minutes\" \/>\n<script type=\"application\/ld+json\" class=\"yoast-schema-graph\">{\"@context\":\"https:\/\/schema.org\",\"@graph\":[{\"@type\":\"WebPage\",\"@id\":\"https:\/\/www.velo-electrique-attitude.com\/guide\/subvention-velo-electrique\/\",\"url\":\"https:\/\/www.velo-electrique-attitude.com\/guide\/subvention-velo-electrique\/\",\"name\":\"Subvention v\u00e9lo \u00e9lectrique -\",\"isPartOf\":{\"@id\":\"https:\/\/www.velo-electrique-attitude.com\/guide\/#website\"},\"datePublished\":\"2020-02-11T09:12:24+00:00\",\"dateModified\":\"2020-02-13T20:58:34+00:00\",\"breadcrumb\":{\"@id\":\"https:\/\/www.velo-electrique-attitude.com\/guide\/subvention-velo-electrique\/#breadcrumb\"},\"inLanguage\":\"fr-FR\",\"potentialAction\":[{\"@type\":\"ReadAction\",\"target\":[\"https:\/\/www.velo-electrique-attitude.com\/guide\/subvention-velo-electrique\/\"]}]},{\"@type\":\"BreadcrumbList\",\"@id\":\"https:\/\/www.velo-electrique-attitude.com\/guide\/subvention-velo-electrique\/#breadcrumb\",\"itemListElement\":[{\"@type\":\"ListItem\",\"position\":1,\"name\":\"Accueil\",\"item\":\"https:\/\/www.velo-electrique-attitude.com\/guide\/\"},{\"@type\":\"ListItem\",\"position\":2,\"name\":\"Subvention v\u00e9lo \u00e9lectrique\"}]},{\"@type\":\"WebSite\",\"@id\":\"https:\/\/www.velo-electrique-attitude.com\/guide\/#website\",\"url\":\"https:\/\/www.velo-electrique-attitude.com\/guide\/\",\"name\":\"\",\"description\":\"\",\"potentialAction\":[{\"@type\":\"SearchAction\",\"target\":{\"@type\":\"EntryPoint\",\"urlTemplate\":\"https:\/\/www.velo-electrique-attitude.com\/guide\/?s={search_term_string}\"},\"query-input\":\"required name=search_term_string\"}],\"inLanguage\":\"fr-FR\"}]}<\/script>\n<!-- \/ Yoast SEO plugin. -->","yoast_head_json":{"title":"Subvention v\u00e9lo \u00e9lectrique -","robots":{"index":"index","follow":"follow","max-snippet":"max-snippet:-1","max-image-preview":"max-image-preview:large","max-video-preview":"max-video-preview:-1"},"canonical":"https:\/\/www.velo-electrique-attitude.com\/guide\/subvention-velo-electrique\/","og_locale":"fr_FR","og_type":"article","og_title":"Subvention v\u00e9lo \u00e9lectrique -","og_description":"Beaucoup de subventions int\u00e9ressantes existent pour aider les cyclistes \u00e0 acqu\u00e9rir un v\u00e9lo \u00e0 assistance \u00e9lectrique. Il existe n\u00e9anmoins des aides diff\u00e9rentes selon la commune, la r\u00e9gion ou l&rsquo;\u00e9tat avec des \u00e0 chaque fois des conditions diff\u00e9rentes. Nous allons essayer de simplifier et d&rsquo;y voir un peu plus clair avec les diff\u00e9rents dispositifs. Les subventions [&hellip;]","og_url":"https:\/\/www.velo-electrique-attitude.com\/guide\/subvention-velo-electrique\/","article_modified_time":"2020-02-13T20:58:34+00:00","twitter_card":"summary_large_image","twitter_misc":{"Dur\u00e9e de lecture estim\u00e9e":"3 minutes"},"schema":{"@context":"https:\/\/schema.org","@graph":[{"@type":"WebPage","@id":"https:\/\/www.velo-electrique-attitude.com\/guide\/subvention-velo-electrique\/","url":"https:\/\/www.velo-electrique-attitude.com\/guide\/subvention-velo-electrique\/","name":"Subvention v\u00e9lo \u00e9lectrique -","isPartOf":{"@id":"https:\/\/www.velo-electrique-attitude.com\/guide\/#website"},"datePublished":"2020-02-11T09:12:24+00:00","dateModified":"2020-02-13T20:58:34+00:00","breadcrumb":{"@id":"https:\/\/www.velo-electrique-attitude.com\/guide\/subvention-velo-electrique\/#breadcrumb"},"inLanguage":"fr-FR","potentialAction":[{"@type":"ReadAction","target":["https:\/\/www.velo-electrique-attitude.com\/guide\/subvention-velo-electrique\/"]}]},{"@type":"BreadcrumbList","@id":"https:\/\/www.velo-electrique-attitude.com\/guide\/subvention-velo-electrique\/#breadcrumb","itemListElement":[{"@type":"ListItem","position":1,"name":"Accueil","item":"https:\/\/www.velo-electrique-attitude.com\/guide\/"},{"@type":"ListItem","position":2,"name":"Subvention v\u00e9lo \u00e9lectrique"}]},{"@type":"WebSite","@id":"https:\/\/www.velo-electrique-attitude.com\/guide\/#website","url":"https:\/\/www.velo-electrique-attitude.com\/guide\/","name":"","description":"","potentialAction":[{"@type":"SearchAction","target":{"@type":"EntryPoint","urlTemplate":"https:\/\/www.velo-electrique-attitude.com\/guide\/?s={search_term_string}"},"query-input":"required name=search_term_string"}],"inLanguage":"fr-FR"}]}},"_links":{"self":[{"href":"https:\/\/www.velo-electrique-attitude.com\/guide\/wp-json\/wp\/v2\/pages\/174"}],"collection":[{"href":"https:\/\/www.velo-electrique-attitude.com\/guide\/wp-json\/wp\/v2\/pages"}],"about":[{"href":"https:\/\/www.velo-electrique-attitude.com\/guide\/wp-json\/wp\/v2\/types\/page"}],"author":[{"embeddable":true,"href":"https:\/\/www.velo-electrique-attitude.com\/guide\/wp-json\/wp\/v2\/users\/1"}],"replies":[{"embeddable":true,"href":"https:\/\/www.velo-electrique-attitude.com\/guide\/wp-json\/wp\/v2\/comments?post=174"}],"version-history":[{"count":7,"href":"https:\/\/www.velo-electrique-attitude.com\/guide\/wp-json\/wp\/v2\/pages\/174\/revisions"}],"predecessor-version":[{"id":227,"href":"https:\/\/www.velo-electrique-attitude.com\/guide\/wp-json\/wp\/v2\/pages\/174\/revisions\/227"}],"wp:attachment":[{"href":"https:\/\/www.velo-electrique-attitude.com\/guide\/wp-json\/wp\/v2\/media?parent=174"}],"curies":[{"name":"wp","href":"https:\/\/api.w.org\/{rel}","templated":true}]}}