{"id":193,"date":"2020-02-13T10:59:49","date_gmt":"2020-02-13T09:59:49","guid":{"rendered":"http:\/\/www.velo-electrique-attitude.com\/guide\/?page_id=193"},"modified":"2020-05-30T16:03:35","modified_gmt":"2020-05-30T14:03:35","slug":"subvention-velo-electrique-ile-de-france","status":"publish","type":"page","link":"https:\/\/www.velo-electrique-attitude.com\/guide\/subvention-velo-electrique-ile-de-france\/","title":{"rendered":"Subvention velo electrique ile de france"},"content":{"rendered":"\n<figure class=\"wp-block-image size-large\"><img loading=\"lazy\" width=\"1024\" height=\"513\" src=\"http:\/\/www.velo-electrique-attitude.com\/guide\/wp-content\/uploads\/2020\/02\/Infographie-subvention-ile-de-france-velo-electrique.jpg\" alt=\"Prime ile de france - velo electrique\" class=\"wp-image-202\" srcset=\"https:\/\/www.velo-electrique-attitude.com\/guide\/wp-content\/uploads\/2020\/02\/Infographie-subvention-ile-de-france-velo-electrique.jpg 1024w, https:\/\/www.velo-electrique-attitude.com\/guide\/wp-content\/uploads\/2020\/02\/Infographie-subvention-ile-de-france-velo-electrique-300x150.jpg 300w, https:\/\/www.velo-electrique-attitude.com\/guide\/wp-content\/uploads\/2020\/02\/Infographie-subvention-ile-de-france-velo-electrique-768x385.jpg 768w\" sizes=\"(max-width: 1024px) 100vw, 1024px\" \/><\/figure>\n\n\n\n<p>Si vous habitez en Ile de France, vous avez une formidable opportunit\u00e9 offerte par la r\u00e9gion IDF pour acqu\u00e9rir le v\u00e9lo \u00e9lectrique de vos r\u00eaves.<\/p>\n\n\n\n<p>En effet, le conseil r\u00e9gional d&rsquo;Ile de France a mis en place \u00e0 partir du 01\/12\/2019 une subvention v\u00e9lo \u00e9lectrique pour les habitants de la r\u00e9gion.<\/p>\n\n\n\n<p>En r\u00e9alit\u00e9 cette mesure a \u00e9t\u00e9 avanc\u00e9e pour encourager les franciliens \u00e0 se d\u00e9placer \u00e0 v\u00e9lo. Cette date a \u00e9t\u00e9 motiv\u00e9e surtout par la perturbation du traffic g\u00e9n\u00e9r\u00e9 par les manifestations.<\/p>\n\n\n\n<p>Le conseil prend en charge donc \u00e0 partir de f\u00e9vrier de rembourser jusqu&rsquo;\u00e0 500\u20ac l&rsquo;achat de votre v\u00e9lo \u00e9lectrique et jusqu&rsquo;\u00e0 600\u20ac votre vae (v\u00e9lo \u00e0 assistance \u00e9lectrique) cargo.<\/p>\n\n\n\n<p>Alors, comment \u00e7a marche ?  Et combien peut-on esp\u00e9rer \u00eatre rembours\u00e9 pour notre achat de v\u00e9lo \u00e9lectrique? quelles sont les conditions ? Quels sont les pi\u00e8ces \u00e0 fournir ?<\/p>\n\n\n\n<p>C&rsquo;est ce que nous allons d\u00e9couvrir en d\u00e9tail sur cet article.<\/p>\n\n\n\n<h2>Comment \u00e7a marche ?<\/h2>\n\n\n\n<p>En France, la <a href=\"https:\/\/www.velo-electrique-attitude.com\/guide\/subvention-velo-electrique\/\">subvention v\u00e9lo \u00e9lectrique <\/a> est donn\u00e9e en 1er lieu par la commune. L&rsquo;\u00e9tat peut compl\u00e9ter avec conditions jusqu&rsquo;\u00e0 200\u20ac d&rsquo;aide cumul\u00e9e.<\/p>\n\n\n\n<p>Chaque commune d\u00e9finie donc le montant de son aide et les conditions d&rsquo;octroiement.<\/p>\n\n\n\n<p>De la m\u00eame mani\u00e8re en Ile de France, vous devez vous renseigner d&rsquo;abord aupr\u00e8s de votre mairie pour connaitre le montant de l&rsquo;aide et les conditions demand\u00e9es.<\/p>\n\n\n\n<p>L&rsquo;aide de l&rsquo;Ile de France vient donc en compl\u00e9ment et peut atteindre 50% du prix TTC du v\u00e9lo avec un montant maximum de 500\u20ac et de 600\u20ac pour un v\u00e9lo \u00e9lectrique cargo et on peut m\u00eame inclure des accessoires de s\u00e9curit\u00e9.<\/p>\n\n\n\n<h2>Les conditions d&rsquo;octroiement de la subvention Ile de France<\/h2>\n\n\n\n<p>Pour b\u00e9n\u00e9ficier de l&rsquo;aide de l&rsquo;Ile de France, il faut \u00eatre majeur ou mineur \u00e9mancip\u00e9 et bien s\u00fbr habiter en r\u00e9gion IDF.<\/p>\n\n\n\n<p>Il faut aussi avoir demand\u00e9 l&rsquo;aide de votre localit\u00e9 en amont si elle existe. Peu importe si l&rsquo;aide est accept\u00e9e ou refus\u00e9e.<\/p>\n\n\n\n<p>Les autres conditions sont les suivantes :<\/p>\n\n\n\n<ul><li>L&rsquo;achat du v\u00e9lo \u00e9lectrique doit \u00eatre apr\u00e8s le 01\/12\/2012<\/li><li>Le v\u00e9lo \u00e9lectrique doit \u00eatre conforme \u00e0 la r\u00e9glementation (faites attention \u00e0 ce point, on vous r\u00e9clamera un certificat de conformit\u00e9)<\/li><li>L&rsquo;IDF ne subventionnera qu&rsquo;un seul achat par personne<\/li><li>Le v\u00e9lo \u00e0 assistance \u00e9lectrique ne doit pas \u00eatre revendu pendant une p\u00e9riode de 3 ans<\/li><\/ul>\n\n\n\n<h2>Les pi\u00e8ces justificatives \u00e0 fournir<\/h2>\n\n\n\n<p>A partir du 20 f\u00e9vrier vous pourrez acc\u00e9der au formulaire num\u00e9rique pour votre demande. <\/p>\n\n\n\n<p>Les justificatifs \u00e0 fournir doivent \u00eatre sous format \u00e9lectronique. Tous types de fichiers peuvent \u00eatre envoy\u00e9s (.pdf, .bmp, .jpeg, .jpg, .png)&nbsp;<\/p>\n\n\n\n<p>Vous devez donc remplir le formulaire et y adjoindre :<\/p>\n\n\n\n<ul><li> Une copie d\u2019une pi\u00e8ce d\u2019identit\u00e9 <\/li><li> Une justificatif d\u2019\u00e9mancipation (pour mineurs \u00e9mancip\u00e9s)<\/li><li> Un justificatif de domicile de moins de 3 mois au nom du demandeur ou une attestation d\u2019h\u00e9bergement<\/li><li> Le justificatif d\u2019obtention ou de refus d\u2019une aide financi\u00e8re \u00e0 l\u2019achat de v\u00e9lo \u00e9lectrique de la ville (aide de la commune)  <\/li><li>Une facture d\u2019achat en fran\u00e7ais et en Euro du v\u00e9lo \u00e9lectrique ainsi que les accessoires au nom du demandeur. Elle doit dater d&rsquo;avant le 01\/12\/2019<\/li><li>Un certificat de conformit\u00e9 (ou homologation) du v\u00e9lo remis par le vendeur (Faites attention \u00e0 ce point)<\/li><li>Un RIB au nom du demandeur<\/li><\/ul>\n\n\n\n<p>En suivant le <a href=\"https:\/\/www.iledefrance-mobilites.fr\/wp-content\/uploads\/2019\/11\/Reglement-attribution.pdf\" class=\"rank-math-link\">lien<\/a>, vous acc\u00e9derez au pdf officiel sur l&rsquo;attribution de l&rsquo;aide \u00e0 l&rsquo;achat du v\u00e9lo \u00e9lectrique par la r\u00e9gion.<\/p>\n\n\n\n<p> <\/p>\n","protected":false},"excerpt":{"rendered":"<p>Si vous habitez en Ile de France, vous avez une formidable opportunit\u00e9 offerte par la r\u00e9gion IDF pour acqu\u00e9rir le v\u00e9lo \u00e9lectrique de vos r\u00eaves. En effet, le conseil r\u00e9gional d&rsquo;Ile de France a mis en place \u00e0 partir du 01\/12\/2019 une subvention v\u00e9lo \u00e9lectrique pour les habitants de la r\u00e9gion. En r\u00e9alit\u00e9 cette mesure [&hellip;]<\/p>\n","protected":false},"author":1,"featured_media":0,"parent":0,"menu_order":0,"comment_status":"closed","ping_status":"closed","template":"","meta":[],"yoast_head":"<!-- This site is optimized with the Yoast SEO plugin v19.9 - https:\/\/yoast.com\/wordpress\/plugins\/seo\/ -->\n<title>Subvention velo electrique ile de france -<\/title>\n<meta name=\"robots\" content=\"index, follow, max-snippet:-1, max-image-preview:large, max-video-preview:-1\" \/>\n<link rel=\"canonical\" href=\"https:\/\/www.velo-electrique-attitude.com\/guide\/subvention-velo-electrique-ile-de-france\/\" \/>\n<meta property=\"og:locale\" content=\"fr_FR\" \/>\n<meta property=\"og:type\" content=\"article\" \/>\n<meta property=\"og:title\" content=\"Subvention velo electrique ile de france -\" \/>\n<meta property=\"og:description\" content=\"Si vous habitez en Ile de France, vous avez une formidable opportunit\u00e9 offerte par la r\u00e9gion IDF pour acqu\u00e9rir le v\u00e9lo \u00e9lectrique de vos r\u00eaves. En effet, le conseil r\u00e9gional d&rsquo;Ile de France a mis en place \u00e0 partir du 01\/12\/2019 une subvention v\u00e9lo \u00e9lectrique pour les habitants de la r\u00e9gion. En r\u00e9alit\u00e9 cette mesure [&hellip;]\" \/>\n<meta property=\"og:url\" content=\"https:\/\/www.velo-electrique-attitude.com\/guide\/subvention-velo-electrique-ile-de-france\/\" \/>\n<meta property=\"article:modified_time\" content=\"2020-05-30T14:03:35+00:00\" \/>\n<meta property=\"og:image\" content=\"http:\/\/www.velo-electrique-attitude.com\/guide\/wp-content\/uploads\/2020\/02\/Infographie-subvention-ile-de-france-velo-electrique.jpg\" \/>\n<meta name=\"twitter:card\" content=\"summary_large_image\" \/>\n<meta name=\"twitter:label1\" content=\"Dur\u00e9e de lecture estim\u00e9e\" \/>\n\t<meta name=\"twitter:data1\" content=\"3 minutes\" \/>\n<script type=\"application\/ld+json\" class=\"yoast-schema-graph\">{\"@context\":\"https:\/\/schema.org\",\"@graph\":[{\"@type\":\"WebPage\",\"@id\":\"https:\/\/www.velo-electrique-attitude.com\/guide\/subvention-velo-electrique-ile-de-france\/\",\"url\":\"https:\/\/www.velo-electrique-attitude.com\/guide\/subvention-velo-electrique-ile-de-france\/\",\"name\":\"Subvention velo electrique ile de france -\",\"isPartOf\":{\"@id\":\"https:\/\/www.velo-electrique-attitude.com\/guide\/#website\"},\"datePublished\":\"2020-02-13T09:59:49+00:00\",\"dateModified\":\"2020-05-30T14:03:35+00:00\",\"breadcrumb\":{\"@id\":\"https:\/\/www.velo-electrique-attitude.com\/guide\/subvention-velo-electrique-ile-de-france\/#breadcrumb\"},\"inLanguage\":\"fr-FR\",\"potentialAction\":[{\"@type\":\"ReadAction\",\"target\":[\"https:\/\/www.velo-electrique-attitude.com\/guide\/subvention-velo-electrique-ile-de-france\/\"]}]},{\"@type\":\"BreadcrumbList\",\"@id\":\"https:\/\/www.velo-electrique-attitude.com\/guide\/subvention-velo-electrique-ile-de-france\/#breadcrumb\",\"itemListElement\":[{\"@type\":\"ListItem\",\"position\":1,\"name\":\"Accueil\",\"item\":\"https:\/\/www.velo-electrique-attitude.com\/guide\/\"},{\"@type\":\"ListItem\",\"position\":2,\"name\":\"Subvention velo electrique ile de france\"}]},{\"@type\":\"WebSite\",\"@id\":\"https:\/\/www.velo-electrique-attitude.com\/guide\/#website\",\"url\":\"https:\/\/www.velo-electrique-attitude.com\/guide\/\",\"name\":\"\",\"description\":\"\",\"potentialAction\":[{\"@type\":\"SearchAction\",\"target\":{\"@type\":\"EntryPoint\",\"urlTemplate\":\"https:\/\/www.velo-electrique-attitude.com\/guide\/?s={search_term_string}\"},\"query-input\":\"required name=search_term_string\"}],\"inLanguage\":\"fr-FR\"}]}<\/script>\n<!-- \/ Yoast SEO plugin. -->","yoast_head_json":{"title":"Subvention velo electrique ile de france -","robots":{"index":"index","follow":"follow","max-snippet":"max-snippet:-1","max-image-preview":"max-image-preview:large","max-video-preview":"max-video-preview:-1"},"canonical":"https:\/\/www.velo-electrique-attitude.com\/guide\/subvention-velo-electrique-ile-de-france\/","og_locale":"fr_FR","og_type":"article","og_title":"Subvention velo electrique ile de france -","og_description":"Si vous habitez en Ile de France, vous avez une formidable opportunit\u00e9 offerte par la r\u00e9gion IDF pour acqu\u00e9rir le v\u00e9lo \u00e9lectrique de vos r\u00eaves. En effet, le conseil r\u00e9gional d&rsquo;Ile de France a mis en place \u00e0 partir du 01\/12\/2019 une subvention v\u00e9lo \u00e9lectrique pour les habitants de la r\u00e9gion. En r\u00e9alit\u00e9 cette mesure [&hellip;]","og_url":"https:\/\/www.velo-electrique-attitude.com\/guide\/subvention-velo-electrique-ile-de-france\/","article_modified_time":"2020-05-30T14:03:35+00:00","og_image":[{"url":"http:\/\/www.velo-electrique-attitude.com\/guide\/wp-content\/uploads\/2020\/02\/Infographie-subvention-ile-de-france-velo-electrique.jpg"}],"twitter_card":"summary_large_image","twitter_misc":{"Dur\u00e9e de lecture estim\u00e9e":"3 minutes"},"schema":{"@context":"https:\/\/schema.org","@graph":[{"@type":"WebPage","@id":"https:\/\/www.velo-electrique-attitude.com\/guide\/subvention-velo-electrique-ile-de-france\/","url":"https:\/\/www.velo-electrique-attitude.com\/guide\/subvention-velo-electrique-ile-de-france\/","name":"Subvention velo electrique ile de france -","isPartOf":{"@id":"https:\/\/www.velo-electrique-attitude.com\/guide\/#website"},"datePublished":"2020-02-13T09:59:49+00:00","dateModified":"2020-05-30T14:03:35+00:00","breadcrumb":{"@id":"https:\/\/www.velo-electrique-attitude.com\/guide\/subvention-velo-electrique-ile-de-france\/#breadcrumb"},"inLanguage":"fr-FR","potentialAction":[{"@type":"ReadAction","target":["https:\/\/www.velo-electrique-attitude.com\/guide\/subvention-velo-electrique-ile-de-france\/"]}]},{"@type":"BreadcrumbList","@id":"https:\/\/www.velo-electrique-attitude.com\/guide\/subvention-velo-electrique-ile-de-france\/#breadcrumb","itemListElement":[{"@type":"ListItem","position":1,"name":"Accueil","item":"https:\/\/www.velo-electrique-attitude.com\/guide\/"},{"@type":"ListItem","position":2,"name":"Subvention velo electrique ile de france"}]},{"@type":"WebSite","@id":"https:\/\/www.velo-electrique-attitude.com\/guide\/#website","url":"https:\/\/www.velo-electrique-attitude.com\/guide\/","name":"","description":"","potentialAction":[{"@type":"SearchAction","target":{"@type":"EntryPoint","urlTemplate":"https:\/\/www.velo-electrique-attitude.com\/guide\/?s={search_term_string}"},"query-input":"required name=search_term_string"}],"inLanguage":"fr-FR"}]}},"_links":{"self":[{"href":"https:\/\/www.velo-electrique-attitude.com\/guide\/wp-json\/wp\/v2\/pages\/193"}],"collection":[{"href":"https:\/\/www.velo-electrique-attitude.com\/guide\/wp-json\/wp\/v2\/pages"}],"about":[{"href":"https:\/\/www.velo-electrique-attitude.com\/guide\/wp-json\/wp\/v2\/types\/page"}],"author":[{"embeddable":true,"href":"https:\/\/www.velo-electrique-attitude.com\/guide\/wp-json\/wp\/v2\/users\/1"}],"replies":[{"embeddable":true,"href":"https:\/\/www.velo-electrique-attitude.com\/guide\/wp-json\/wp\/v2\/comments?post=193"}],"version-history":[{"count":8,"href":"https:\/\/www.velo-electrique-attitude.com\/guide\/wp-json\/wp\/v2\/pages\/193\/revisions"}],"predecessor-version":[{"id":406,"href":"https:\/\/www.velo-electrique-attitude.com\/guide\/wp-json\/wp\/v2\/pages\/193\/revisions\/406"}],"wp:attachment":[{"href":"https:\/\/www.velo-electrique-attitude.com\/guide\/wp-json\/wp\/v2\/media?parent=193"}],"curies":[{"name":"wp","href":"https:\/\/api.w.org\/{rel}","templated":true}]}}